{"id":162,"date":"2023-07-22T09:55:34","date_gmt":"2023-07-22T09:55:34","guid":{"rendered":"https:\/\/livesciencedresden.de\/?page_id=162"},"modified":"2025-11-05T09:27:58","modified_gmt":"2025-11-05T08:27:58","slug":"spenden","status":"publish","type":"page","link":"https:\/\/livesciencedresden.de\/en\/spenden\/","title":{"rendered":"Donate now!"},"content":{"rendered":"<h2 class=\"wp-block-heading\" style=\"padding-top:var(--wp--preset--spacing--30);padding-right:var(--wp--preset--spacing--30);padding-bottom:var(--wp--preset--spacing--30);padding-left:var(--wp--preset--spacing--30)\">Support us with your donation<\/h2>\n\n\n\n<div class=\"wp-block-columns is-layout-flex wp-container-core-columns-is-layout-28f84493 wp-block-columns-is-layout-flex\">\n<div class=\"wp-block-column is-layout-flow wp-block-column-is-layout-flow\" style=\"flex-basis:100%\">\n<div class=\"wp-block-columns is-layout-flex wp-container-core-columns-is-layout-28f84493 wp-block-columns-is-layout-flex\">\n<div class=\"wp-block-column is-layout-flow wp-block-column-is-layout-flow\">\n<p class=\"has-tertiary-background-color has-background\" style=\"padding-top:var(--wp--preset--spacing--40);padding-right:var(--wp--preset--spacing--40);padding-bottom:var(--wp--preset--spacing--40);padding-left:var(--wp--preset--spacing--40);font-style:italic;font-weight:600\">Your support is crucial! Contribute towards ongoing expenses such as account fees, website hosting, and insurance. We finance events separately through sponsors and public funds. However, we rely on you for covering our regular costs. <\/p>\n<\/div>\n<\/div>\n<\/div>\n<\/div>\n\n\n\n<div style=\"height:30px\" aria-hidden=\"true\" class=\"wp-block-spacer\"><\/div>\n\n\n\n<h4 class=\"wp-block-heading\" style=\"padding-top:var(--wp--preset--spacing--30);padding-right:var(--wp--preset--spacing--30);padding-bottom:var(--wp--preset--spacing--30);padding-left:var(--wp--preset--spacing--30)\">How do we use your money?<\/h4>\n\n\n\n<p class=\"has-base-background-color has-background\" style=\"padding-top:var(--wp--preset--spacing--30);padding-right:var(--wp--preset--spacing--30);padding-bottom:var(--wp--preset--spacing--30);padding-left:var(--wp--preset--spacing--30)\">Transparency and responsible finances are important to us. Your donation helps build Live Science e. V. as a platform for dedicated and approachable scientists. <br><br>Help us shape science communication in Dresden! Every contribution matters and brings us closer to our goal. We sincerely thank you for your support.<\/p>\n\n\n\n<p class=\"has-base-background-color has-background\" style=\"padding-top:var(--wp--preset--spacing--30);padding-right:var(--wp--preset--spacing--30);padding-bottom:var(--wp--preset--spacing--30);padding-left:var(--wp--preset--spacing--30)\">Please use the account data below for your donation.<\/p>\n\n\n\n<div style=\"height:30px\" aria-hidden=\"true\" class=\"wp-block-spacer\"><\/div>\n\n\n\n<h4 class=\"wp-block-heading\" style=\"padding-top:var(--wp--preset--spacing--30);padding-right:var(--wp--preset--spacing--30);padding-bottom:var(--wp--preset--spacing--30);padding-left:var(--wp--preset--spacing--30)\">Our bank details<\/h4>\n\n\n\n<p style=\"padding-top:var(--wp--preset--spacing--30);padding-right:var(--wp--preset--spacing--30);padding-bottom:var(--wp--preset--spacing--30);padding-left:var(--wp--preset--spacing--30)\">Live Science e. V.<br>DE13 8505 0300 0221 2761 73<br>Osts\u00e4chsische Sparkasse (OSDDDE81XXX)<\/p>\n\n\n\n<h4 class=\"wp-block-heading has-contrast-color has-base-background-color has-text-color has-background\" style=\"padding-top:var(--wp--preset--spacing--30);padding-right:var(--wp--preset--spacing--30);padding-bottom:var(--wp--preset--spacing--30);padding-left:var(--wp--preset--spacing--30)\">information ABOUT YOUR DONATION RECEIPT<\/h4>\n\n\n\n<p class=\"has-contrast-color has-base-background-color has-text-color has-background\">Live Science e. V. is recognized by the tax authorities as a non-profit organization. Therefore, you can deduct donations to us from your taxes. <br><br>For donations up to 300 \u20ac, the bank transfer receipt is generally accepted by the tax office as proof. You can attach our simplified donation receipt, which you can <a rel=\"noreferrer noopener\" href=\"http:\/\/livesciencedresden.de\/wp-content\/uploads\/2023\/07\/Spendenbescheinigung_Webseite.pdf\" target=\"_blank\">download.<\/a> here<br><br>For donations exceeding 300 \u20ac,<strong> <\/strong>we issue a separate donation receipt. For this, we require your name and address. Please include this information in the purpose field and send us an email. <br><br>If you have further questions about donations and their processing, please feel free to reach out to us:&nbsp;<a href=\"mailto:info@livesciencedresden.de\">info@livesciencedresden.de<\/a>.<br><\/p>","protected":false},"excerpt":{"rendered":"<p>Unterst\u00fctze uns mit deiner Spende! Deine Unterst\u00fctzung ist entscheidend! Spende f\u00fcr laufende Kosten wie Kontof\u00fchrungsgeb\u00fchren, Webseiten-Hosting und Versicherungen. Events finanzieren wir separat durch Sponsoren und \u00f6ffentliche Mittel. Aber f\u00fcr laufende [&hellip;]<\/p>\n","protected":false},"author":1,"featured_media":740,"parent":0,"menu_order":0,"comment_status":"closed","ping_status":"closed","template":"","meta":{"_EventAllDay":false,"_EventTimezone":"","_EventStartDate":"","_EventEndDate":"","_EventStartDateUTC":"","_EventEndDateUTC":"","_EventShowMap":false,"_EventShowMapLink":false,"_EventURL":"","_EventCost":"","_EventCostDescription":"","_EventCurrencySymbol":"","_EventCurrencyCode":"","_EventCurrencyPosition":"","_EventDateTimeSeparator":"","_EventTimeRangeSeparator":"","_EventOrganizerID":[],"_EventVenueID":[],"_OrganizerEmail":"","_OrganizerPhone":"","_OrganizerWebsite":"","_VenueAddress":"","_VenueCity":"","_VenueCountry":"","_VenueProvince":"","_VenueState":"","_VenueZip":"","_VenuePhone":"","_VenueURL":"","_VenueStateProvince":"","_VenueLat":"","_VenueLng":"","_VenueShowMap":false,"_VenueShowMapLink":false,"footnotes":""},"class_list":["post-162","page","type-page","status-publish","has-post-thumbnail","hentry"],"yoast_head":"<!-- This site is optimized with the Yoast SEO plugin v27.3 - https:\/\/yoast.com\/product\/yoast-seo-wordpress\/ -->\n<title>Spenden - Live Science e.V.<\/title>\n<meta name=\"description\" content=\"Unterst\u00fctze Live Science e.V. mit deiner Spende f\u00fcr laufende Kosten und Wissenschaftskommunikation. Gemeinn\u00fctzige Organisation in Dresden.\" \/>\n<meta name=\"robots\" content=\"index, follow, max-snippet:-1, max-image-preview:large, max-video-preview:-1\" \/>\n<link rel=\"canonical\" href=\"https:\/\/livesciencedresden.de\/en\/spenden\/\" \/>\n<meta property=\"og:locale\" content=\"en_US\" \/>\n<meta property=\"og:type\" content=\"article\" \/>\n<meta property=\"og:title\" content=\"Unterst\u00fctze uns mit deiner Spende!\" \/>\n<meta property=\"og:description\" content=\"Unterst\u00fctze Live Science e.V. mit deiner Spende f\u00fcr laufende Kosten und Wissenschaftskommunikation. Wir sind ein gemeinn\u00fctziger Verein in Dresden.\" \/>\n<meta property=\"og:url\" content=\"https:\/\/livesciencedresden.de\/en\/spenden\/\" \/>\n<meta property=\"og:site_name\" content=\"Live Science e.V.\" \/>\n<meta property=\"article:modified_time\" content=\"2025-11-05T08:27:58+00:00\" \/>\n<meta property=\"og:image\" content=\"https:\/\/livesciencedresden.de\/wp-content\/uploads\/2023\/07\/Untitled-design-10.png\" \/>\n\t<meta property=\"og:image:width\" content=\"500\" \/>\n\t<meta property=\"og:image:height\" content=\"250\" \/>\n\t<meta property=\"og:image:type\" content=\"image\/png\" \/>\n<meta name=\"twitter:card\" content=\"summary_large_image\" \/>\n<meta name=\"twitter:title\" content=\"Unterst\u00fctze uns mit deiner Spende!\" \/>\n<meta name=\"twitter:description\" content=\"Unterst\u00fctze Live Science e.V. mit deiner Spende f\u00fcr laufende Kosten und Wissenschaftskommunikation. Wir sind ein gemeinn\u00fctziger Verein in Dresden.\" \/>\n<meta name=\"twitter:image\" content=\"https:\/\/livesciencedresden.de\/wp-content\/uploads\/2023\/07\/Untitled-design-10.png\" \/>\n<meta name=\"twitter:site\" content=\"@LiveScienceDD\" \/>\n<meta name=\"twitter:label1\" content=\"Est. reading time\" \/>\n\t<meta name=\"twitter:data1\" content=\"2 minutes\" \/>\n<script type=\"application\/ld+json\" class=\"yoast-schema-graph\">{\"@context\":\"https:\\\/\\\/schema.org\",\"@graph\":[{\"@type\":\"WebPage\",\"@id\":\"https:\\\/\\\/livesciencedresden.de\\\/spenden\\\/\",\"url\":\"https:\\\/\\\/livesciencedresden.de\\\/spenden\\\/\",\"name\":\"Spenden - Live Science e.V.\",\"isPartOf\":{\"@id\":\"https:\\\/\\\/livesciencedresden.de\\\/#website\"},\"primaryImageOfPage\":{\"@id\":\"https:\\\/\\\/livesciencedresden.de\\\/spenden\\\/#primaryimage\"},\"image\":{\"@id\":\"https:\\\/\\\/livesciencedresden.de\\\/spenden\\\/#primaryimage\"},\"thumbnailUrl\":\"https:\\\/\\\/livesciencedresden.de\\\/wp-content\\\/uploads\\\/2023\\\/08\\\/Science-beers-cheers-5.png\",\"datePublished\":\"2023-07-22T09:55:34+00:00\",\"dateModified\":\"2025-11-05T08:27:58+00:00\",\"description\":\"Unterst\u00fctze Live Science e.V. mit deiner Spende f\u00fcr laufende Kosten und Wissenschaftskommunikation. Gemeinn\u00fctzige Organisation in Dresden.\",\"breadcrumb\":{\"@id\":\"https:\\\/\\\/livesciencedresden.de\\\/spenden\\\/#breadcrumb\"},\"inLanguage\":\"en-US\",\"potentialAction\":[{\"@type\":\"ReadAction\",\"target\":[\"https:\\\/\\\/livesciencedresden.de\\\/spenden\\\/\"]}]},{\"@type\":\"ImageObject\",\"inLanguage\":\"en-US\",\"@id\":\"https:\\\/\\\/livesciencedresden.de\\\/spenden\\\/#primaryimage\",\"url\":\"https:\\\/\\\/livesciencedresden.de\\\/wp-content\\\/uploads\\\/2023\\\/08\\\/Science-beers-cheers-5.png\",\"contentUrl\":\"https:\\\/\\\/livesciencedresden.de\\\/wp-content\\\/uploads\\\/2023\\\/08\\\/Science-beers-cheers-5.png\",\"width\":1200,\"height\":350,\"caption\":\"Foto von Daniel Frieboese. Copyright Live Science e. V.\"},{\"@type\":\"BreadcrumbList\",\"@id\":\"https:\\\/\\\/livesciencedresden.de\\\/spenden\\\/#breadcrumb\",\"itemListElement\":[{\"@type\":\"ListItem\",\"position\":1,\"name\":\"Startseite\",\"item\":\"https:\\\/\\\/livesciencedresden.de\\\/\"},{\"@type\":\"ListItem\",\"position\":2,\"name\":\"Spenden\"}]},{\"@type\":\"WebSite\",\"@id\":\"https:\\\/\\\/livesciencedresden.de\\\/#website\",\"url\":\"https:\\\/\\\/livesciencedresden.de\\\/\",\"name\":\"Live Science e.V.\",\"description\":\"Wissenschaft erleben\",\"publisher\":{\"@id\":\"https:\\\/\\\/livesciencedresden.de\\\/#organization\"},\"potentialAction\":[{\"@type\":\"SearchAction\",\"target\":{\"@type\":\"EntryPoint\",\"urlTemplate\":\"https:\\\/\\\/livesciencedresden.de\\\/?s={search_term_string}\"},\"query-input\":{\"@type\":\"PropertyValueSpecification\",\"valueRequired\":true,\"valueName\":\"search_term_string\"}}],\"inLanguage\":\"en-US\"},{\"@type\":\"Organization\",\"@id\":\"https:\\\/\\\/livesciencedresden.de\\\/#organization\",\"name\":\"Live Science e.V.\",\"url\":\"https:\\\/\\\/livesciencedresden.de\\\/\",\"logo\":{\"@type\":\"ImageObject\",\"inLanguage\":\"en-US\",\"@id\":\"https:\\\/\\\/livesciencedresden.de\\\/#\\\/schema\\\/logo\\\/image\\\/\",\"url\":\"https:\\\/\\\/livesciencedresden.de\\\/wp-content\\\/uploads\\\/2023\\\/07\\\/Live-Science-e.V-e1690019332738.png\",\"contentUrl\":\"https:\\\/\\\/livesciencedresden.de\\\/wp-content\\\/uploads\\\/2023\\\/07\\\/Live-Science-e.V-e1690019332738.png\",\"width\":1000,\"height\":347,\"caption\":\"Live Science e.V.\"},\"image\":{\"@id\":\"https:\\\/\\\/livesciencedresden.de\\\/#\\\/schema\\\/logo\\\/image\\\/\"},\"sameAs\":[\"https:\\\/\\\/x.com\\\/LiveScienceDD\",\"https:\\\/\\\/www.instagram.com\\\/livesciencedd\\\/\"]}]}<\/script>\n<!-- \/ Yoast SEO plugin. -->","yoast_head_json":{"title":"Spenden - Live Science e.V.","description":"Unterst\u00fctze Live Science e.V. mit deiner Spende f\u00fcr laufende Kosten und Wissenschaftskommunikation. Gemeinn\u00fctzige Organisation in Dresden.","robots":{"index":"index","follow":"follow","max-snippet":"max-snippet:-1","max-image-preview":"max-image-preview:large","max-video-preview":"max-video-preview:-1"},"canonical":"https:\/\/livesciencedresden.de\/en\/spenden\/","og_locale":"en_US","og_type":"article","og_title":"Unterst\u00fctze uns mit deiner Spende!","og_description":"Unterst\u00fctze Live Science e.V. mit deiner Spende f\u00fcr laufende Kosten und Wissenschaftskommunikation. Wir sind ein gemeinn\u00fctziger Verein in Dresden.","og_url":"https:\/\/livesciencedresden.de\/en\/spenden\/","og_site_name":"Live Science e.V.","article_modified_time":"2025-11-05T08:27:58+00:00","og_image":[{"width":500,"height":250,"url":"https:\/\/livesciencedresden.de\/wp-content\/uploads\/2023\/07\/Untitled-design-10.png","type":"image\/png"}],"twitter_card":"summary_large_image","twitter_title":"Unterst\u00fctze uns mit deiner Spende!","twitter_description":"Unterst\u00fctze Live Science e.V. mit deiner Spende f\u00fcr laufende Kosten und Wissenschaftskommunikation. Wir sind ein gemeinn\u00fctziger Verein in Dresden.","twitter_image":"https:\/\/livesciencedresden.de\/wp-content\/uploads\/2023\/07\/Untitled-design-10.png","twitter_site":"@LiveScienceDD","twitter_misc":{"Est. reading time":"2 minutes"},"schema":{"@context":"https:\/\/schema.org","@graph":[{"@type":"WebPage","@id":"https:\/\/livesciencedresden.de\/spenden\/","url":"https:\/\/livesciencedresden.de\/spenden\/","name":"Spenden - Live Science e.V.","isPartOf":{"@id":"https:\/\/livesciencedresden.de\/#website"},"primaryImageOfPage":{"@id":"https:\/\/livesciencedresden.de\/spenden\/#primaryimage"},"image":{"@id":"https:\/\/livesciencedresden.de\/spenden\/#primaryimage"},"thumbnailUrl":"https:\/\/livesciencedresden.de\/wp-content\/uploads\/2023\/08\/Science-beers-cheers-5.png","datePublished":"2023-07-22T09:55:34+00:00","dateModified":"2025-11-05T08:27:58+00:00","description":"Unterst\u00fctze Live Science e.V. mit deiner Spende f\u00fcr laufende Kosten und Wissenschaftskommunikation. Gemeinn\u00fctzige Organisation in Dresden.","breadcrumb":{"@id":"https:\/\/livesciencedresden.de\/spenden\/#breadcrumb"},"inLanguage":"en-US","potentialAction":[{"@type":"ReadAction","target":["https:\/\/livesciencedresden.de\/spenden\/"]}]},{"@type":"ImageObject","inLanguage":"en-US","@id":"https:\/\/livesciencedresden.de\/spenden\/#primaryimage","url":"https:\/\/livesciencedresden.de\/wp-content\/uploads\/2023\/08\/Science-beers-cheers-5.png","contentUrl":"https:\/\/livesciencedresden.de\/wp-content\/uploads\/2023\/08\/Science-beers-cheers-5.png","width":1200,"height":350,"caption":"Foto von Daniel Frieboese. Copyright Live Science e. V."},{"@type":"BreadcrumbList","@id":"https:\/\/livesciencedresden.de\/spenden\/#breadcrumb","itemListElement":[{"@type":"ListItem","position":1,"name":"Startseite","item":"https:\/\/livesciencedresden.de\/"},{"@type":"ListItem","position":2,"name":"Spenden"}]},{"@type":"WebSite","@id":"https:\/\/livesciencedresden.de\/#website","url":"https:\/\/livesciencedresden.de\/","name":"Live Science e.V.","description":"Wissenschaft erleben","publisher":{"@id":"https:\/\/livesciencedresden.de\/#organization"},"potentialAction":[{"@type":"SearchAction","target":{"@type":"EntryPoint","urlTemplate":"https:\/\/livesciencedresden.de\/?s={search_term_string}"},"query-input":{"@type":"PropertyValueSpecification","valueRequired":true,"valueName":"search_term_string"}}],"inLanguage":"en-US"},{"@type":"Organization","@id":"https:\/\/livesciencedresden.de\/#organization","name":"Live Science e.V.","url":"https:\/\/livesciencedresden.de\/","logo":{"@type":"ImageObject","inLanguage":"en-US","@id":"https:\/\/livesciencedresden.de\/#\/schema\/logo\/image\/","url":"https:\/\/livesciencedresden.de\/wp-content\/uploads\/2023\/07\/Live-Science-e.V-e1690019332738.png","contentUrl":"https:\/\/livesciencedresden.de\/wp-content\/uploads\/2023\/07\/Live-Science-e.V-e1690019332738.png","width":1000,"height":347,"caption":"Live Science e.V."},"image":{"@id":"https:\/\/livesciencedresden.de\/#\/schema\/logo\/image\/"},"sameAs":["https:\/\/x.com\/LiveScienceDD","https:\/\/www.instagram.com\/livesciencedd\/"]}]}},"_links":{"self":[{"href":"https:\/\/livesciencedresden.de\/en\/wp-json\/wp\/v2\/pages\/162","targetHints":{"allow":["GET"]}}],"collection":[{"href":"https:\/\/livesciencedresden.de\/en\/wp-json\/wp\/v2\/pages"}],"about":[{"href":"https:\/\/livesciencedresden.de\/en\/wp-json\/wp\/v2\/types\/page"}],"author":[{"embeddable":true,"href":"https:\/\/livesciencedresden.de\/en\/wp-json\/wp\/v2\/users\/1"}],"replies":[{"embeddable":true,"href":"https:\/\/livesciencedresden.de\/en\/wp-json\/wp\/v2\/comments?post=162"}],"version-history":[{"count":2,"href":"https:\/\/livesciencedresden.de\/en\/wp-json\/wp\/v2\/pages\/162\/revisions"}],"predecessor-version":[{"id":1657,"href":"https:\/\/livesciencedresden.de\/en\/wp-json\/wp\/v2\/pages\/162\/revisions\/1657"}],"wp:featuredmedia":[{"embeddable":true,"href":"https:\/\/livesciencedresden.de\/en\/wp-json\/wp\/v2\/media\/740"}],"wp:attachment":[{"href":"https:\/\/livesciencedresden.de\/en\/wp-json\/wp\/v2\/media?parent=162"}],"curies":[{"name":"wp","href":"https:\/\/api.w.org\/{rel}","templated":true}]}}